{"id":449,"date":"2022-03-07T18:33:03","date_gmt":"2022-03-07T16:33:03","guid":{"rendered":"http:\/\/tapiman.com\/inicio\/"},"modified":"2022-07-27T12:17:05","modified_gmt":"2022-07-27T10:17:05","slug":"inicio","status":"publish","type":"page","link":"https:\/\/tapiman.com\/es\/","title":{"rendered":"Inicio"},"content":{"rendered":"<p>[vc_row css=\u00bb.vc_custom_1646733688857{margin-top: 0px !important;}\u00bb][vc_column]\n\t\t\t<!-- START Home Slider REVOLUTION SLIDER 6.5.14 --><p class=\"rs-p-wp-fix\"><\/p>\n\t\t\t<rs-module-wrap id=\"rev_slider_1_1_wrapper\" data-source=\"gallery\" style=\"visibility:hidden;background:transparent;padding:0;margin:0px auto;margin-top:0;margin-bottom:0;\">\n\t\t\t\t<rs-module id=\"rev_slider_1_1\" style=\"\" data-version=\"6.5.14\">\n\t\t\t\t\t<rs-slides>\n\t\t\t\t\t\t<rs-slide style=\"position: absolute;\" data-key=\"rs-2\" data-title=\"Slide\" data-thumb=\"\/\/tapiman.com\/wp-content\/uploads\/2022\/03\/especial-50x100.jpg\" data-in=\"o:0;\" data-out=\"a:false;\">\n\t\t\t\t\t\t\t<img decoding=\"async\" src=\"\/\/tapiman.com\/wp-content\/plugins\/slider-revolution\/public\/assets\/assets\/dummy.png\" alt=\"\" class=\"rev-slidebg tp-rs-img rs-lazyload\" data-lazyload=\"\/\/tapiman.com\/wp-content\/uploads\/2022\/03\/especial.jpg\" data-bg=\"p:center top;\" data-no-retina>\n<!---->\t\t\t\t\t\t<\/rs-slide>\n\t\t\t\t\t\t<rs-slide style=\"position: absolute;\" data-key=\"rs-1\" data-title=\"Slide\" data-thumb=\"\/\/tapiman.com\/wp-content\/uploads\/2022\/03\/Chester-sol-scaled-50x100.jpg\" data-in=\"o:0;\" data-out=\"a:false;\">\n\t\t\t\t\t\t\t<img fetchpriority=\"high\" decoding=\"async\" src=\"\/\/tapiman.com\/wp-content\/plugins\/slider-revolution\/public\/assets\/assets\/dummy.png\" alt=\"Sof\u00e0 Chester sol\" title=\"Sof\u00e0 Chester sol\" width=\"2560\" height=\"1920\" class=\"rev-slidebg tp-rs-img rs-lazyload\" data-lazyload=\"\/\/tapiman.com\/wp-content\/uploads\/2022\/03\/Chester-sol-scaled.jpg\" data-no-retina>\n<!---->\t\t\t\t\t\t<\/rs-slide>\n\t\t\t\t\t\t<rs-slide style=\"position: absolute;\" data-key=\"rs-3\" data-title=\"Slide\" data-thumb=\"\/\/tapiman.com\/wp-content\/uploads\/2022\/03\/sumbrela-50x100.jpg\" data-in=\"o:0;\" data-out=\"a:false;\">\n\t\t\t\t\t\t\t<img decoding=\"async\" src=\"\/\/tapiman.com\/wp-content\/plugins\/slider-revolution\/public\/assets\/assets\/dummy.png\" alt=\"Sumbrela\" title=\"Sumbrela\" width=\"960\" height=\"540\" class=\"rev-slidebg tp-rs-img rs-lazyload\" data-lazyload=\"\/\/tapiman.com\/wp-content\/uploads\/2022\/03\/sumbrela.jpg\" data-bg=\"p:center top;\" data-no-retina>\n<!---->\t\t\t\t\t\t<\/rs-slide>\n\t\t\t\t\t<\/rs-slides>\n\t\t\t\t<\/rs-module>\n\t\t\t\t<script>\n\t\t\t\t\tsetREVStartSize({c: 'rev_slider_1_1',rl:[1240,1024,778,480],el:[900],gw:[1240],gh:[900],type:'standard',justify:'',layout:'fullwidth',mh:\"0\"});if (window.RS_MODULES!==undefined && window.RS_MODULES.modules!==undefined && window.RS_MODULES.modules[\"revslider11\"]!==undefined) {window.RS_MODULES.modules[\"revslider11\"].once = false;window.revapi1 = undefined;if (window.RS_MODULES.checkMinimal!==undefined) window.RS_MODULES.checkMinimal()}\n\t\t\t\t<\/script>\n\t\t\t<\/rs-module-wrap>\n\t\t\t<!-- END REVOLUTION SLIDER -->\n[\/vc_column][\/vc_row][vc_row css=\u00bb.vc_custom_1647941354648{padding-top: 120px !important;padding-bottom: 120px !important;}\u00bb el_id=\u00bbwho-we-are\u00bb][vc_column width=\u00bb1\/2&#8243;][vc_column_text]<\/p>\n<h2>\u00bfQUI\u00c9NES SOMOS?<\/h2>\n<p>Empresa familiar fundada en el a\u00f1o 1950 por Ramon Sala y Prats.<br \/>\nUbicada en el\u00a0 centro hist\u00f3rico de Manresa en sus seus inicios, y posteriormente trasladada (a\u00f1o 2005) a calle Llibertat 21 de Manresa.<\/p>\n<p>Actualmente nuestra empresa, dirigida por Josep Sala Hern\u00e0ndez, artesano profesional 15.616 y tapicero de muebles de la familia Madera, est\u00e1 especializada en la fabricaci\u00f3n de sof\u00e1s a medida, as\u00ed como en la restauraci\u00f3n de sof\u00e1s, sillas, butacas y muebles tapizados en general.<\/p>\n<p>Tenemos una larga experiencia en cortinas y complementos.<\/p>\n<p>Presupostos sin compromios. Servicio propio de transporte y instalaci\u00f3n.[\/vc_column_text][\/vc_column][vc_column width=\u00bb1\/2&#8243;][vc_single_image image=\u00bb46&#8243; img_size=\u00bbfull\u00bb][\/vc_column][\/vc_row][vc_row css=\u00bb.vc_custom_1647941392179{padding-bottom: 120px !important;}\u00bb el_id=\u00bbservicies\u00bb][vc_column][vc_column_text css=\u00bb.vc_custom_1648030767776{margin-bottom: 0px !important;padding-bottom: 40px !important;}\u00bb]<\/p>\n<h2 class=\"widget-title\" style=\"text-align: center;\">SERVICIOS<\/h2>\n<p>[\/vc_column_text][vc_row_inner][vc_column_inner width=\u00bb1\/3&#8243;][vc_icon icon_fontawesome=\u00bbfas fa-shopping-basket\u00bb color=\u00bbcustom\u00bb size=\u00bblg\u00bb align=\u00bbcenter\u00bb custom_color=\u00bb#2d3142&#8243;][vc_column_text]<\/p>\n<h3 style=\"text-align: center;\"><a href=\"http:\/\/tapiman.com\/es\/tienda\/\">Tienda<\/a><\/h3>\n<p style=\"text-align: center;\">Distribuidor de tejidos: Si buscas tejidos de Yutes, Pepe Pe\u00f1alver, Armura y Llonch &amp; Sala, Visual Textures, Crevin, somos la distribuidora oficial en Manresa.<\/p>\n<p style=\"text-align: center;\">Materiales de tapiceria: espumas, tachas, boatas, pieles y otros.<\/p>\n<p>[\/vc_column_text][\/vc_column_inner][vc_column_inner width=\u00bb1\/3&#8243;][vc_icon icon_fontawesome=\u00bbfas fa-recycle\u00bb color=\u00bbcustom\u00bb size=\u00bblg\u00bb align=\u00bbcenter\u00bb custom_color=\u00bb#2d3142&#8243;][vc_column_text]<\/p>\n<h3 style=\"text-align: center;\"><a href=\"http:\/\/tapiman.com\/es\/restauracion\/\">Restauraci\u00f3n<\/a><\/h3>\n<p style=\"text-align: center;\">Sillas<\/p>\n<p style=\"text-align: center;\">Sof\u00e1s<\/p>\n<p style=\"text-align: center;\">Butacas<\/p>\n<p>[\/vc_column_text][\/vc_column_inner][vc_column_inner width=\u00bb1\/3&#8243;][vc_icon icon_fontawesome=\u00bbfas fa-cut\u00bb color=\u00bbcustom\u00bb size=\u00bblg\u00bb align=\u00bbcenter\u00bb custom_color=\u00bb#2d3142&#8243;][vc_column_text]<\/p>\n<h3 style=\"text-align: center;\">Fabricaci\u00f3n<\/h3>\n<p style=\"text-align: center;\"><a href=\"http:\/\/tapiman.com\/es\/cortinas\/\">Cortinas: Creamos tejidos de cortinas t\u00e9cnicos (oficinas y locales) y para el hogar.<\/a><\/p>\n<p style=\"text-align: center;\"><a href=\"http:\/\/tapiman.com\/es\/sofas\/\">Sof\u00e1s:\u00a0 Para el hogar y para locales.<\/a><\/p>\n<p style=\"text-align: center;\"><a href=\"http:\/\/tapiman.com\/es\/descanso\/\">Descanso: canap\u00e9s con cabeceras.<\/a><\/p>\n<p>[\/vc_column_text][\/vc_column_inner][\/vc_row_inner][\/vc_column][\/vc_row][vc_row el_id=\u00bbwork-done\u00bb css=\u00bb.vc_custom_1648030046065{padding-bottom: 120px !important;}\u00bb][vc_column][vc_column_text]<\/p>\n<h2 class=\"widget-title\" style=\"text-align: center;\">TRABAJOS REALIZADOS<\/h2>\n<p>[\/vc_column_text][vc_basic_grid post_type=\u00bbportfolio\u00bb max_items=\u00bb-1&#8243; show_filter=\u00bbyes\u00bb grid_id=\u00bbvc_gid:1653070032922-76e04d12-9e13-7&#8243; filter_source=\u00bbportfolio-types\u00bb css=\u00bb.vc_custom_1648030208724{margin-bottom: 0px !important;border-bottom-width: 0px !important;padding-bottom: 0px !important;}\u00bb][\/vc_column][\/vc_row][vc_row css=\u00bb.vc_custom_1648031745771{padding-bottom: 120px !important;}\u00bb el_id=\u00bbespecialitzats\u00bb][vc_column][vc_column_text css=\u00bb.vc_custom_1648030852869{padding-bottom: 20px !important;}\u00bb]<\/p>\n<h2 style=\"text-align: center;\">Especializados en asientos de motocicletas<\/h2>\n<p>[\/vc_column_text]<div class=\"portfolio_slider arrows arrows_always\" data-size=\"380\" data-scroll=\"5\"><ul class=\"portfolio_slider_ul\"><li><div class=\"image_frame scale-with-grid\"><div class=\"image_wrapper\"><a href=\"https:\/\/tapiman.com\/es\/portfolio-item\/asiento-motocicleta-harley-davidson\/\"><div class=\"mask\"><\/div><img decoding=\"async\" width=\"960\" height=\"750\" src=\"https:\/\/tapiman.com\/wp-content\/uploads\/2024\/09\/IMG-20240827-WA0035-960x750.jpg\" class=\"scale-with-grid wp-post-image\" alt=\"\" srcset=\"https:\/\/tapiman.com\/wp-content\/uploads\/2024\/09\/IMG-20240827-WA0035-960x750.jpg 960w, https:\/\/tapiman.com\/wp-content\/uploads\/2024\/09\/IMG-20240827-WA0035-1280x1000.jpg 1280w\" sizes=\"(max-width:767px) 480px, (max-width:960px) 100vw, 960px\" \/><\/a><div class=\"image_links\"><a class=\"zoom tooltip\" data-tooltip=\"Zoom\" data-position=\"left\" rel=\"prettyphoto\" href=\"https:\/\/tapiman.com\/wp-content\/uploads\/2024\/09\/IMG-20240827-WA0035-768x1024.jpg\"><svg viewBox=\"0 0 26 26\"><defs><style>.path{fill:none;stroke:#333;stroke-miterlimit:10;stroke-width:1.5px;}<\/style><\/defs><circle cx=\"11.35\" cy=\"11.35\" r=\"6\" class=\"path\"><\/circle><line x1=\"15.59\" y1=\"15.59\" x2=\"20.65\" y2=\"20.65\" class=\"path\"><\/line><\/svg><\/a><a class=\"link tooltip\" data-tooltip=\"Details\" data-position=\"left\" href=\"https:\/\/tapiman.com\/es\/portfolio-item\/asiento-motocicleta-harley-davidson\/\"><svg viewBox=\"0 0 26 26\"><defs><style>.path{fill:none;stroke:#333;stroke-miterlimit:10;stroke-width:1.5px;}<\/style><\/defs><g><path d=\"M10.17,8.76l2.12-2.12a5,5,0,0,1,7.07,0h0a5,5,0,0,1,0,7.07l-2.12,2.12\" class=\"path\"><\/path><path d=\"M15.83,17.24l-2.12,2.12a5,5,0,0,1-7.07,0h0a5,5,0,0,1,0-7.07l2.12-2.12\" class=\"path\"><\/path><line x1=\"10.17\" y1=\"15.83\" x2=\"15.83\" y2=\"10.17\" class=\"path\"><\/line><\/g><\/svg><\/a><\/div><\/div><\/div><\/li><li><div class=\"image_frame scale-with-grid\"><div class=\"image_wrapper\"><a href=\"https:\/\/tapiman.com\/es\/portfolio-item\/asiento-motocicleta-scooter\/\"><div class=\"mask\"><\/div><img loading=\"lazy\" decoding=\"async\" width=\"960\" height=\"750\" src=\"https:\/\/tapiman.com\/wp-content\/uploads\/2022\/05\/scoter-4-960x750.jpg\" class=\"scale-with-grid wp-post-image\" alt=\"\" srcset=\"https:\/\/tapiman.com\/wp-content\/uploads\/2022\/05\/scoter-4-960x750.jpg 960w, https:\/\/tapiman.com\/wp-content\/uploads\/2022\/05\/scoter-4-50x38.jpg 50w, https:\/\/tapiman.com\/wp-content\/uploads\/2022\/05\/scoter-4-1280x1000.jpg 1280w\" sizes=\"(max-width:767px) 480px, (max-width:960px) 100vw, 960px\" \/><\/a><div class=\"image_links\"><a class=\"zoom tooltip\" data-tooltip=\"Zoom\" data-position=\"left\" rel=\"prettyphoto\" href=\"https:\/\/tapiman.com\/wp-content\/uploads\/2022\/05\/scoter-4-1024x768.jpg\"><svg viewBox=\"0 0 26 26\"><defs><style>.path{fill:none;stroke:#333;stroke-miterlimit:10;stroke-width:1.5px;}<\/style><\/defs><circle cx=\"11.35\" cy=\"11.35\" r=\"6\" class=\"path\"><\/circle><line x1=\"15.59\" y1=\"15.59\" x2=\"20.65\" y2=\"20.65\" class=\"path\"><\/line><\/svg><\/a><a class=\"link tooltip\" data-tooltip=\"Details\" data-position=\"left\" href=\"https:\/\/tapiman.com\/es\/portfolio-item\/asiento-motocicleta-scooter\/\"><svg viewBox=\"0 0 26 26\"><defs><style>.path{fill:none;stroke:#333;stroke-miterlimit:10;stroke-width:1.5px;}<\/style><\/defs><g><path d=\"M10.17,8.76l2.12-2.12a5,5,0,0,1,7.07,0h0a5,5,0,0,1,0,7.07l-2.12,2.12\" class=\"path\"><\/path><path d=\"M15.83,17.24l-2.12,2.12a5,5,0,0,1-7.07,0h0a5,5,0,0,1,0-7.07l2.12-2.12\" class=\"path\"><\/path><line x1=\"10.17\" y1=\"15.83\" x2=\"15.83\" y2=\"10.17\" class=\"path\"><\/line><\/g><\/svg><\/a><\/div><\/div><\/div><\/li><li><div class=\"image_frame scale-with-grid\"><div class=\"image_wrapper\"><a href=\"https:\/\/tapiman.com\/es\/portfolio-item\/asiento-dos-colores-motocicleta\/\"><div class=\"mask\"><\/div><img loading=\"lazy\" decoding=\"async\" width=\"960\" height=\"750\" src=\"https:\/\/tapiman.com\/wp-content\/uploads\/2022\/04\/dos-colors-2-960x750.jpg\" class=\"scale-with-grid wp-post-image\" alt=\"seient dos colors\" srcset=\"https:\/\/tapiman.com\/wp-content\/uploads\/2022\/04\/dos-colors-2-960x750.jpg 960w, https:\/\/tapiman.com\/wp-content\/uploads\/2022\/04\/dos-colors-2-50x38.jpg 50w, https:\/\/tapiman.com\/wp-content\/uploads\/2022\/04\/dos-colors-2-1280x1000.jpg 1280w\" sizes=\"(max-width:767px) 480px, (max-width:960px) 100vw, 960px\" \/><\/a><div class=\"image_links\"><a class=\"zoom tooltip\" data-tooltip=\"Zoom\" data-position=\"left\" rel=\"prettyphoto\" href=\"https:\/\/tapiman.com\/wp-content\/uploads\/2022\/04\/dos-colors-2-1024x768.jpg\"><svg viewBox=\"0 0 26 26\"><defs><style>.path{fill:none;stroke:#333;stroke-miterlimit:10;stroke-width:1.5px;}<\/style><\/defs><circle cx=\"11.35\" cy=\"11.35\" r=\"6\" class=\"path\"><\/circle><line x1=\"15.59\" y1=\"15.59\" x2=\"20.65\" y2=\"20.65\" class=\"path\"><\/line><\/svg><\/a><a class=\"link tooltip\" data-tooltip=\"Details\" data-position=\"left\" href=\"https:\/\/tapiman.com\/es\/portfolio-item\/asiento-dos-colores-motocicleta\/\"><svg viewBox=\"0 0 26 26\"><defs><style>.path{fill:none;stroke:#333;stroke-miterlimit:10;stroke-width:1.5px;}<\/style><\/defs><g><path d=\"M10.17,8.76l2.12-2.12a5,5,0,0,1,7.07,0h0a5,5,0,0,1,0,7.07l-2.12,2.12\" class=\"path\"><\/path><path d=\"M15.83,17.24l-2.12,2.12a5,5,0,0,1-7.07,0h0a5,5,0,0,1,0-7.07l2.12-2.12\" class=\"path\"><\/path><line x1=\"10.17\" y1=\"15.83\" x2=\"15.83\" y2=\"10.17\" class=\"path\"><\/line><\/g><\/svg><\/a><\/div><\/div><\/div><\/li><li><div class=\"image_frame scale-with-grid\"><div class=\"image_wrapper\"><a href=\"https:\/\/tapiman.com\/es\/portfolio-item\/asiento-motocicleta-t-max\/\"><div class=\"mask\"><\/div><img loading=\"lazy\" decoding=\"async\" width=\"960\" height=\"750\" src=\"https:\/\/tapiman.com\/wp-content\/uploads\/2022\/03\/TMAX-8-960x750.jpg\" class=\"scale-with-grid wp-post-image\" alt=\"Seient de moto TMAX-8\" srcset=\"https:\/\/tapiman.com\/wp-content\/uploads\/2022\/03\/TMAX-8-960x750.jpg 960w, https:\/\/tapiman.com\/wp-content\/uploads\/2022\/03\/TMAX-8-50x38.jpg 50w, https:\/\/tapiman.com\/wp-content\/uploads\/2022\/03\/TMAX-8-1280x1000.jpg 1280w\" sizes=\"(max-width:767px) 480px, (max-width:960px) 100vw, 960px\" \/><\/a><div class=\"image_links\"><a class=\"zoom tooltip\" data-tooltip=\"Zoom\" data-position=\"left\" rel=\"prettyphoto\" href=\"https:\/\/tapiman.com\/wp-content\/uploads\/2022\/03\/TMAX-8-1024x768.jpg\"><svg viewBox=\"0 0 26 26\"><defs><style>.path{fill:none;stroke:#333;stroke-miterlimit:10;stroke-width:1.5px;}<\/style><\/defs><circle cx=\"11.35\" cy=\"11.35\" r=\"6\" class=\"path\"><\/circle><line x1=\"15.59\" y1=\"15.59\" x2=\"20.65\" y2=\"20.65\" class=\"path\"><\/line><\/svg><\/a><a class=\"link tooltip\" data-tooltip=\"Details\" data-position=\"left\" href=\"https:\/\/tapiman.com\/es\/portfolio-item\/asiento-motocicleta-t-max\/\"><svg viewBox=\"0 0 26 26\"><defs><style>.path{fill:none;stroke:#333;stroke-miterlimit:10;stroke-width:1.5px;}<\/style><\/defs><g><path d=\"M10.17,8.76l2.12-2.12a5,5,0,0,1,7.07,0h0a5,5,0,0,1,0,7.07l-2.12,2.12\" class=\"path\"><\/path><path d=\"M15.83,17.24l-2.12,2.12a5,5,0,0,1-7.07,0h0a5,5,0,0,1,0-7.07l2.12-2.12\" class=\"path\"><\/path><line x1=\"10.17\" y1=\"15.83\" x2=\"15.83\" y2=\"10.17\" class=\"path\"><\/line><\/g><\/svg><\/a><\/div><\/div><\/div><\/li><\/ul><\/div>\n[\/vc_column][\/vc_row][vc_row css=\u00bb.vc_custom_1648030321417{padding-bottom: 80px !important;}\u00bb el_id=\u00bbcontact-us\u00bb][vc_column][vc_column_text css=\u00bb.vc_custom_1648031035015{padding-bottom: 20px !important;}\u00bb]<\/p>\n<h2 class=\"widget-title\" style=\"text-align: center;\">CONT\u00c1CTANOS<\/h2>\n<p>[\/vc_column_text][vc_row_inner css=\u00bb.vc_custom_1648030420595{margin-bottom: 0px !important;}\u00bb][vc_column_inner width=\u00bb1\/2&#8243;]\n<div class=\"wpcf7 no-js\" id=\"wpcf7-f12-o1\" lang=\"ca\" dir=\"ltr\">\n<div class=\"screen-reader-response\"><p role=\"status\" aria-live=\"polite\" aria-atomic=\"true\"><\/p> <ul><\/ul><\/div>\n<form action=\"\/es\/wp-json\/wp\/v2\/pages\/449#wpcf7-f12-o1\" method=\"post\" class=\"wpcf7-form init\" aria-label=\"Formulari de contacte\" novalidate=\"novalidate\" data-status=\"init\">\n<div style=\"display: none;\">\n<input type=\"hidden\" name=\"_wpcf7\" value=\"12\" \/>\n<input type=\"hidden\" name=\"_wpcf7_version\" value=\"5.7.6\" \/>\n<input type=\"hidden\" name=\"_wpcf7_locale\" value=\"ca\" \/>\n<input type=\"hidden\" name=\"_wpcf7_unit_tag\" value=\"wpcf7-f12-o1\" \/>\n<input type=\"hidden\" name=\"_wpcf7_container_post\" value=\"0\" \/>\n<input type=\"hidden\" name=\"_wpcf7_posted_data_hash\" value=\"\" \/>\n<input type=\"hidden\" name=\"_wpcf7_recaptcha_response\" value=\"\" \/>\n<\/div>\n<p><label>El teu nom<br \/>\n<span class=\"wpcf7-form-control-wrap\" data-name=\"your-name\"><input size=\"40\" class=\"wpcf7-form-control wpcf7-text wpcf7-validates-as-required\" aria-required=\"true\" aria-invalid=\"false\" value=\"\" type=\"text\" name=\"your-name\" \/><\/span> <\/label>\n<\/p>\n<p><label>El teu correu electr\u00f2nic<br \/>\n<span class=\"wpcf7-form-control-wrap\" data-name=\"your-email\"><input size=\"40\" class=\"wpcf7-form-control wpcf7-text wpcf7-email wpcf7-validates-as-required wpcf7-validates-as-email\" aria-required=\"true\" aria-invalid=\"false\" value=\"\" type=\"email\" name=\"your-email\" \/><\/span> <\/label>\n<\/p>\n<p><label>Assumpte<br \/>\n<span class=\"wpcf7-form-control-wrap\" data-name=\"your-subject\"><input size=\"40\" class=\"wpcf7-form-control wpcf7-text wpcf7-validates-as-required\" aria-required=\"true\" aria-invalid=\"false\" value=\"\" type=\"text\" name=\"your-subject\" \/><\/span> <\/label>\n<\/p>\n<p><label>Missatge<br \/>\n<span class=\"wpcf7-form-control-wrap\" data-name=\"your-message\"><textarea cols=\"40\" rows=\"10\" class=\"wpcf7-form-control wpcf7-textarea wpcf7-validates-as-required\" aria-required=\"true\" aria-invalid=\"false\" name=\"your-message\"><\/textarea><\/span> <\/label>\n<\/p>\n<p><input class=\"wpcf7-form-control has-spinner wpcf7-submit\" type=\"submit\" value=\"Enviar\" \/>\n<\/p><p style=\"display: none !important;\"><label>&#916;<textarea name=\"_wpcf7_ak_hp_textarea\" cols=\"45\" rows=\"8\" maxlength=\"100\"><\/textarea><\/label><input type=\"hidden\" id=\"ak_js_1\" name=\"_wpcf7_ak_js\" value=\"210\"\/><script>document.getElementById( \"ak_js_1\" ).setAttribute( \"value\", ( new Date() ).getTime() );<\/script><\/p><div class=\"wpcf7-response-output\" aria-hidden=\"true\"><\/div>\n<\/form>\n<\/div>\n[\/vc_column_inner][vc_column_inner width=\u00bb1\/2&#8243;][vc_column_text css=\u00bb.vc_custom_1652261170452{padding-bottom: 40px !important;}\u00bb]Qu\u00ederes visitarnos? No lo dudes!: <a href=\"https:\/\/www.google.com\/maps\/place\/Sala+Tapissers\/@41.7337435,1.833256,15z\/data=!4m5!3m4!1s0x0:0x12b74471191bf81!8m2!3d41.733744!4d1.8332428\"><strong>Carrer de la Llibertat, 21, 08243 Manresa, Barcelona<\/strong><\/a><\/p>\n<p>Hablamos?\u00a0 <a href=\"tel:+34938784065\">938 78 40 65<\/a><\/p>\n<p>email: <a href=\"mailto:tapiman@tapiman.com\">tapiman@tapiman.com<\/a>[\/vc_column_text][vc_gmaps link=\u00bb#E-8_JTNDaWZyYW1lJTIwc3JjJTNEJTIyaHR0cHMlM0ElMkYlMkZ3d3cuZ29vZ2xlLmNvbSUyRm1hcHMlMkZlbWJlZCUzRnBiJTNEJTIxMW0xNCUyMTFtOCUyMTFtMyUyMTFkNDA5MC44MzYwODg4MTk1MjU3JTIxMmQxLjgzMDg5NzY2NzMyNzA3OSUyMTNkNDEuNzMzMDQ2MDcxNTM2MTMlMjEzbTIlMjExaTEwMjQlMjEyaTc2OCUyMTRmMTMuMSUyMTNtMyUyMTFtMiUyMTFzMHgwJTI1M0EweDEyYjc0NDcxMTkxYmY4MSUyMTJzU2FsYSUyNTIwVGFwaXNzZXJzJTIxNWUwJTIxM20yJTIxMXNjYSUyMTJzZXMlMjE0djE2NDY3Mzc1Njk3NzAlMjE1bTIlMjExc2NhJTIxMnNlcyUyMiUyMHdpZHRoJTNEJTIyNjAwJTIyJTIwaGVpZ2h0JTNEJTIyNDUwJTIyJTIwc3R5bGUlM0QlMjJib3JkZXIlM0EwJTNCJTIyJTIwYWxsb3dmdWxsc2NyZWVuJTNEJTIyJTIyJTIwbG9hZGluZyUzRCUyMmxhenklMjIlM0UlM0MlMkZpZnJhbWUlM0U=\u00bb][\/vc_column_inner][\/vc_row_inner][\/vc_column][\/vc_row]<\/p>\n","protected":false},"excerpt":{"rendered":"<p>[vc_row css=\u00bb.vc_custom_1646733688857{margin-top: 0px !important;}\u00bb][vc_column][\/vc_column][\/vc_row][vc_row css=\u00bb.vc_custom_1647941354648{padding-top: 120px !important;padding-bottom: 120px !important;}\u00bb el_id=\u00bbwho-we-are\u00bb][vc_column width=\u00bb1\/2&#8243;][vc_column_text] \u00bfQUI\u00c9NES SOMOS? Empresa familiar fundada en el a\u00f1o 1950 por Ramon Sala y Prats. Ubicada<span class=\"excerpt-hellip\"> [\u2026]<\/span><\/p>\n","protected":false},"author":1,"featured_media":0,"parent":0,"menu_order":0,"comment_status":"closed","ping_status":"closed","template":"","meta":{"_acf_changed":false,"_monsterinsights_skip_tracking":false,"_monsterinsights_sitenote_active":false,"_monsterinsights_sitenote_note":"","_monsterinsights_sitenote_category":0,"footnotes":""},"class_list":["post-449","page","type-page","status-publish","hentry"],"acf":[],"yoast_head":"<!-- This site is optimized with the Yoast SEO plugin v20.8 - https:\/\/yoast.com\/wordpress\/plugins\/seo\/ -->\n<title>Inicio - Tapiman<\/title>\n<meta name=\"robots\" content=\"index, follow, max-snippet:-1, max-image-preview:large, max-video-preview:-1\" \/>\n<link rel=\"canonical\" href=\"https:\/\/tapiman.com\/es\/inicio\/\" \/>\n<meta property=\"og:locale\" content=\"es_ES\" \/>\n<meta property=\"og:type\" content=\"article\" \/>\n<meta property=\"og:title\" content=\"Inicio - Tapiman\" \/>\n<meta property=\"og:description\" content=\"[vc_row css=\u00bb.vc_custom_1646733688857{margin-top: 0px !important;}\u00bb][vc_column][\/vc_column][\/vc_row][vc_row css=\u00bb.vc_custom_1647941354648{padding-top: 120px !important;padding-bottom: 120px !important;}\u00bb el_id=\u00bbwho-we-are\u00bb][vc_column width=\u00bb1\/2&#8243;][vc_column_text] \u00bfQUI\u00c9NES SOMOS? Empresa familiar fundada en el a\u00f1o 1950 por Ramon Sala y Prats. Ubicada [\u2026]\" \/>\n<meta property=\"og:url\" content=\"https:\/\/tapiman.com\/es\/inicio\/\" \/>\n<meta property=\"og:site_name\" content=\"Tapiman\" \/>\n<meta property=\"article:modified_time\" content=\"2022-07-27T10:17:05+00:00\" \/>\n<meta name=\"twitter:card\" content=\"summary_large_image\" \/>\n<meta name=\"twitter:label1\" content=\"Tiempo de lectura\" \/>\n\t<meta name=\"twitter:data1\" content=\"3 minutos\" \/>\n<script type=\"application\/ld+json\" class=\"yoast-schema-graph\">{\"@context\":\"https:\/\/schema.org\",\"@graph\":[{\"@type\":\"WebPage\",\"@id\":\"https:\/\/tapiman.com\/es\/inicio\/\",\"url\":\"https:\/\/tapiman.com\/es\/inicio\/\",\"name\":\"Inicio - Tapiman\",\"isPartOf\":{\"@id\":\"https:\/\/tapiman.com\/#website\"},\"datePublished\":\"2022-03-07T16:33:03+00:00\",\"dateModified\":\"2022-07-27T10:17:05+00:00\",\"breadcrumb\":{\"@id\":\"https:\/\/tapiman.com\/es\/inicio\/#breadcrumb\"},\"inLanguage\":\"es\",\"potentialAction\":[{\"@type\":\"ReadAction\",\"target\":[\"https:\/\/tapiman.com\/es\/inicio\/\"]}]},{\"@type\":\"BreadcrumbList\",\"@id\":\"https:\/\/tapiman.com\/es\/inicio\/#breadcrumb\",\"itemListElement\":[{\"@type\":\"ListItem\",\"position\":1,\"name\":\"Inici\",\"item\":\"https:\/\/tapiman.com\/es\/inicio\/\"},{\"@type\":\"ListItem\",\"position\":2,\"name\":\"Inicio\"}]},{\"@type\":\"WebSite\",\"@id\":\"https:\/\/tapiman.com\/#website\",\"url\":\"https:\/\/tapiman.com\/\",\"name\":\"Tapiman\",\"description\":\"Fabricaci\u00f3 i Restauraci\u00f3 de Tapisseries \u2013 Estem especialitzats en la fabricaci\u00f3 de sof\u00e0s a mida, aix\u00ed com en la restauraci\u00f3 de sof\u00e1s, cadires, butaques i moble entapissat en general\",\"publisher\":{\"@id\":\"https:\/\/tapiman.com\/#organization\"},\"potentialAction\":[{\"@type\":\"SearchAction\",\"target\":{\"@type\":\"EntryPoint\",\"urlTemplate\":\"https:\/\/tapiman.com\/?s={search_term_string}\"},\"query-input\":\"required name=search_term_string\"}],\"inLanguage\":\"es\"},{\"@type\":\"Organization\",\"@id\":\"https:\/\/tapiman.com\/#organization\",\"name\":\"Tapiman\",\"url\":\"https:\/\/tapiman.com\/\",\"logo\":{\"@type\":\"ImageObject\",\"inLanguage\":\"es\",\"@id\":\"https:\/\/tapiman.com\/#\/schema\/logo\/image\/\",\"url\":\"http:\/\/tapiman.com\/wp-content\/uploads\/2022\/03\/logo-sala.png\",\"contentUrl\":\"http:\/\/tapiman.com\/wp-content\/uploads\/2022\/03\/logo-sala.png\",\"width\":220,\"height\":107,\"caption\":\"Tapiman\"},\"image\":{\"@id\":\"https:\/\/tapiman.com\/#\/schema\/logo\/image\/\"}}]}<\/script>\n<!-- \/ Yoast SEO plugin. -->","yoast_head_json":{"title":"Inicio - Tapiman","robots":{"index":"index","follow":"follow","max-snippet":"max-snippet:-1","max-image-preview":"max-image-preview:large","max-video-preview":"max-video-preview:-1"},"canonical":"https:\/\/tapiman.com\/es\/inicio\/","og_locale":"es_ES","og_type":"article","og_title":"Inicio - Tapiman","og_description":"[vc_row css=\u00bb.vc_custom_1646733688857{margin-top: 0px !important;}\u00bb][vc_column][\/vc_column][\/vc_row][vc_row css=\u00bb.vc_custom_1647941354648{padding-top: 120px !important;padding-bottom: 120px !important;}\u00bb el_id=\u00bbwho-we-are\u00bb][vc_column width=\u00bb1\/2&#8243;][vc_column_text] \u00bfQUI\u00c9NES SOMOS? Empresa familiar fundada en el a\u00f1o 1950 por Ramon Sala y Prats. Ubicada [\u2026]","og_url":"https:\/\/tapiman.com\/es\/inicio\/","og_site_name":"Tapiman","article_modified_time":"2022-07-27T10:17:05+00:00","twitter_card":"summary_large_image","twitter_misc":{"Tiempo de lectura":"3 minutos"},"schema":{"@context":"https:\/\/schema.org","@graph":[{"@type":"WebPage","@id":"https:\/\/tapiman.com\/es\/inicio\/","url":"https:\/\/tapiman.com\/es\/inicio\/","name":"Inicio - Tapiman","isPartOf":{"@id":"https:\/\/tapiman.com\/#website"},"datePublished":"2022-03-07T16:33:03+00:00","dateModified":"2022-07-27T10:17:05+00:00","breadcrumb":{"@id":"https:\/\/tapiman.com\/es\/inicio\/#breadcrumb"},"inLanguage":"es","potentialAction":[{"@type":"ReadAction","target":["https:\/\/tapiman.com\/es\/inicio\/"]}]},{"@type":"BreadcrumbList","@id":"https:\/\/tapiman.com\/es\/inicio\/#breadcrumb","itemListElement":[{"@type":"ListItem","position":1,"name":"Inici","item":"https:\/\/tapiman.com\/es\/inicio\/"},{"@type":"ListItem","position":2,"name":"Inicio"}]},{"@type":"WebSite","@id":"https:\/\/tapiman.com\/#website","url":"https:\/\/tapiman.com\/","name":"Tapiman","description":"Fabricaci\u00f3 i Restauraci\u00f3 de Tapisseries \u2013 Estem especialitzats en la fabricaci\u00f3 de sof\u00e0s a mida, aix\u00ed com en la restauraci\u00f3 de sof\u00e1s, cadires, butaques i moble entapissat en general","publisher":{"@id":"https:\/\/tapiman.com\/#organization"},"potentialAction":[{"@type":"SearchAction","target":{"@type":"EntryPoint","urlTemplate":"https:\/\/tapiman.com\/?s={search_term_string}"},"query-input":"required name=search_term_string"}],"inLanguage":"es"},{"@type":"Organization","@id":"https:\/\/tapiman.com\/#organization","name":"Tapiman","url":"https:\/\/tapiman.com\/","logo":{"@type":"ImageObject","inLanguage":"es","@id":"https:\/\/tapiman.com\/#\/schema\/logo\/image\/","url":"http:\/\/tapiman.com\/wp-content\/uploads\/2022\/03\/logo-sala.png","contentUrl":"http:\/\/tapiman.com\/wp-content\/uploads\/2022\/03\/logo-sala.png","width":220,"height":107,"caption":"Tapiman"},"image":{"@id":"https:\/\/tapiman.com\/#\/schema\/logo\/image\/"}}]}},"_links":{"self":[{"href":"https:\/\/tapiman.com\/es\/wp-json\/wp\/v2\/pages\/449","targetHints":{"allow":["GET"]}}],"collection":[{"href":"https:\/\/tapiman.com\/es\/wp-json\/wp\/v2\/pages"}],"about":[{"href":"https:\/\/tapiman.com\/es\/wp-json\/wp\/v2\/types\/page"}],"author":[{"embeddable":true,"href":"https:\/\/tapiman.com\/es\/wp-json\/wp\/v2\/users\/1"}],"replies":[{"embeddable":true,"href":"https:\/\/tapiman.com\/es\/wp-json\/wp\/v2\/comments?post=449"}],"version-history":[{"count":21,"href":"https:\/\/tapiman.com\/es\/wp-json\/wp\/v2\/pages\/449\/revisions"}],"predecessor-version":[{"id":676,"href":"https:\/\/tapiman.com\/es\/wp-json\/wp\/v2\/pages\/449\/revisions\/676"}],"wp:attachment":[{"href":"https:\/\/tapiman.com\/es\/wp-json\/wp\/v2\/media?parent=449"}],"curies":[{"name":"wp","href":"https:\/\/api.w.org\/{rel}","templated":true}]}}