{"id":493,"date":"2022-03-26T11:27:14","date_gmt":"2022-03-26T09:27:14","guid":{"rendered":"http:\/\/tapiman.com\/tienda\/"},"modified":"2022-03-26T11:28:39","modified_gmt":"2022-03-26T09:28:39","slug":"tienda","status":"publish","type":"page","link":"https:\/\/tapiman.com\/es\/tienda\/","title":{"rendered":"Tienda"},"content":{"rendered":"<p>[vc_row][vc_column][vc_column_text]<\/p>\n<h1>Tienda<\/h1>\n<p>Distribuidor de tejidos: Si buscas tejidos de Yutes, Pepe Pe\u00f1alver, Armura y Llonch &amp; Sala, Visual Textures, Crevin, somos la distribuidora oficial en Manresa.<\/p>\n<p>Materiales de tapiceria: espumas, tachas, boatas, pieles y otros.[\/vc_column_text][\/vc_column][\/vc_row]<\/p>\n","protected":false},"excerpt":{"rendered":"<p>[vc_row][vc_column][vc_column_text] Tienda Distribuidor de tejidos: Si buscas tejidos de Yutes, Pepe Pe\u00f1alver, Armura y Llonch &amp; Sala, Visual Textures, Crevin, somos la distribuidora oficial en Manresa.<span class=\"excerpt-hellip\"> [\u2026]<\/span><\/p>\n","protected":false},"author":1,"featured_media":0,"parent":0,"menu_order":0,"comment_status":"closed","ping_status":"closed","template":"","meta":{"_acf_changed":false,"_monsterinsights_skip_tracking":false,"_monsterinsights_sitenote_active":false,"_monsterinsights_sitenote_note":"","_monsterinsights_sitenote_category":0,"footnotes":""},"class_list":["post-493","page","type-page","status-publish","hentry"],"acf":[],"yoast_head":"<!-- This site is optimized with the Yoast SEO plugin v20.8 - https:\/\/yoast.com\/wordpress\/plugins\/seo\/ -->\n<title>Tienda - Tapiman<\/title>\n<meta name=\"robots\" content=\"index, follow, max-snippet:-1, max-image-preview:large, max-video-preview:-1\" \/>\n<link rel=\"canonical\" href=\"https:\/\/tapiman.com\/es\/tienda\/\" \/>\n<meta property=\"og:locale\" content=\"es_ES\" \/>\n<meta property=\"og:type\" content=\"article\" \/>\n<meta property=\"og:title\" content=\"Tienda - Tapiman\" \/>\n<meta property=\"og:description\" content=\"[vc_row][vc_column][vc_column_text] Tienda Distribuidor de tejidos: Si buscas tejidos de Yutes, Pepe Pe\u00f1alver, Armura y Llonch &amp; Sala, Visual Textures, Crevin, somos la distribuidora oficial en Manresa. [\u2026]\" \/>\n<meta property=\"og:url\" content=\"https:\/\/tapiman.com\/es\/tienda\/\" \/>\n<meta property=\"og:site_name\" content=\"Tapiman\" \/>\n<meta property=\"article:modified_time\" content=\"2022-03-26T09:28:39+00:00\" \/>\n<meta name=\"twitter:card\" content=\"summary_large_image\" \/>\n<script type=\"application\/ld+json\" class=\"yoast-schema-graph\">{\"@context\":\"https:\/\/schema.org\",\"@graph\":[{\"@type\":\"WebPage\",\"@id\":\"https:\/\/tapiman.com\/es\/tienda\/\",\"url\":\"https:\/\/tapiman.com\/es\/tienda\/\",\"name\":\"Tienda - Tapiman\",\"isPartOf\":{\"@id\":\"https:\/\/tapiman.com\/#website\"},\"datePublished\":\"2022-03-26T09:27:14+00:00\",\"dateModified\":\"2022-03-26T09:28:39+00:00\",\"breadcrumb\":{\"@id\":\"https:\/\/tapiman.com\/es\/tienda\/#breadcrumb\"},\"inLanguage\":\"es\",\"potentialAction\":[{\"@type\":\"ReadAction\",\"target\":[\"https:\/\/tapiman.com\/es\/tienda\/\"]}]},{\"@type\":\"BreadcrumbList\",\"@id\":\"https:\/\/tapiman.com\/es\/tienda\/#breadcrumb\",\"itemListElement\":[{\"@type\":\"ListItem\",\"position\":1,\"name\":\"Inici\",\"item\":\"https:\/\/tapiman.com\/es\/inicio\/\"},{\"@type\":\"ListItem\",\"position\":2,\"name\":\"Tienda\"}]},{\"@type\":\"WebSite\",\"@id\":\"https:\/\/tapiman.com\/#website\",\"url\":\"https:\/\/tapiman.com\/\",\"name\":\"Tapiman\",\"description\":\"Fabricaci\u00f3 i Restauraci\u00f3 de Tapisseries \u2013 Estem especialitzats en la fabricaci\u00f3 de sof\u00e0s a mida, aix\u00ed com en la restauraci\u00f3 de sof\u00e1s, cadires, butaques i moble entapissat en general\",\"publisher\":{\"@id\":\"https:\/\/tapiman.com\/#organization\"},\"potentialAction\":[{\"@type\":\"SearchAction\",\"target\":{\"@type\":\"EntryPoint\",\"urlTemplate\":\"https:\/\/tapiman.com\/?s={search_term_string}\"},\"query-input\":\"required name=search_term_string\"}],\"inLanguage\":\"es\"},{\"@type\":\"Organization\",\"@id\":\"https:\/\/tapiman.com\/#organization\",\"name\":\"Tapiman\",\"url\":\"https:\/\/tapiman.com\/\",\"logo\":{\"@type\":\"ImageObject\",\"inLanguage\":\"es\",\"@id\":\"https:\/\/tapiman.com\/#\/schema\/logo\/image\/\",\"url\":\"http:\/\/tapiman.com\/wp-content\/uploads\/2022\/03\/logo-sala.png\",\"contentUrl\":\"http:\/\/tapiman.com\/wp-content\/uploads\/2022\/03\/logo-sala.png\",\"width\":220,\"height\":107,\"caption\":\"Tapiman\"},\"image\":{\"@id\":\"https:\/\/tapiman.com\/#\/schema\/logo\/image\/\"}}]}<\/script>\n<!-- \/ Yoast SEO plugin. -->","yoast_head_json":{"title":"Tienda - Tapiman","robots":{"index":"index","follow":"follow","max-snippet":"max-snippet:-1","max-image-preview":"max-image-preview:large","max-video-preview":"max-video-preview:-1"},"canonical":"https:\/\/tapiman.com\/es\/tienda\/","og_locale":"es_ES","og_type":"article","og_title":"Tienda - Tapiman","og_description":"[vc_row][vc_column][vc_column_text] Tienda Distribuidor de tejidos: Si buscas tejidos de Yutes, Pepe Pe\u00f1alver, Armura y Llonch &amp; Sala, Visual Textures, Crevin, somos la distribuidora oficial en Manresa. [\u2026]","og_url":"https:\/\/tapiman.com\/es\/tienda\/","og_site_name":"Tapiman","article_modified_time":"2022-03-26T09:28:39+00:00","twitter_card":"summary_large_image","schema":{"@context":"https:\/\/schema.org","@graph":[{"@type":"WebPage","@id":"https:\/\/tapiman.com\/es\/tienda\/","url":"https:\/\/tapiman.com\/es\/tienda\/","name":"Tienda - Tapiman","isPartOf":{"@id":"https:\/\/tapiman.com\/#website"},"datePublished":"2022-03-26T09:27:14+00:00","dateModified":"2022-03-26T09:28:39+00:00","breadcrumb":{"@id":"https:\/\/tapiman.com\/es\/tienda\/#breadcrumb"},"inLanguage":"es","potentialAction":[{"@type":"ReadAction","target":["https:\/\/tapiman.com\/es\/tienda\/"]}]},{"@type":"BreadcrumbList","@id":"https:\/\/tapiman.com\/es\/tienda\/#breadcrumb","itemListElement":[{"@type":"ListItem","position":1,"name":"Inici","item":"https:\/\/tapiman.com\/es\/inicio\/"},{"@type":"ListItem","position":2,"name":"Tienda"}]},{"@type":"WebSite","@id":"https:\/\/tapiman.com\/#website","url":"https:\/\/tapiman.com\/","name":"Tapiman","description":"Fabricaci\u00f3 i Restauraci\u00f3 de Tapisseries \u2013 Estem especialitzats en la fabricaci\u00f3 de sof\u00e0s a mida, aix\u00ed com en la restauraci\u00f3 de sof\u00e1s, cadires, butaques i moble entapissat en general","publisher":{"@id":"https:\/\/tapiman.com\/#organization"},"potentialAction":[{"@type":"SearchAction","target":{"@type":"EntryPoint","urlTemplate":"https:\/\/tapiman.com\/?s={search_term_string}"},"query-input":"required name=search_term_string"}],"inLanguage":"es"},{"@type":"Organization","@id":"https:\/\/tapiman.com\/#organization","name":"Tapiman","url":"https:\/\/tapiman.com\/","logo":{"@type":"ImageObject","inLanguage":"es","@id":"https:\/\/tapiman.com\/#\/schema\/logo\/image\/","url":"http:\/\/tapiman.com\/wp-content\/uploads\/2022\/03\/logo-sala.png","contentUrl":"http:\/\/tapiman.com\/wp-content\/uploads\/2022\/03\/logo-sala.png","width":220,"height":107,"caption":"Tapiman"},"image":{"@id":"https:\/\/tapiman.com\/#\/schema\/logo\/image\/"}}]}},"_links":{"self":[{"href":"https:\/\/tapiman.com\/es\/wp-json\/wp\/v2\/pages\/493","targetHints":{"allow":["GET"]}}],"collection":[{"href":"https:\/\/tapiman.com\/es\/wp-json\/wp\/v2\/pages"}],"about":[{"href":"https:\/\/tapiman.com\/es\/wp-json\/wp\/v2\/types\/page"}],"author":[{"embeddable":true,"href":"https:\/\/tapiman.com\/es\/wp-json\/wp\/v2\/users\/1"}],"replies":[{"embeddable":true,"href":"https:\/\/tapiman.com\/es\/wp-json\/wp\/v2\/comments?post=493"}],"version-history":[{"count":2,"href":"https:\/\/tapiman.com\/es\/wp-json\/wp\/v2\/pages\/493\/revisions"}],"predecessor-version":[{"id":496,"href":"https:\/\/tapiman.com\/es\/wp-json\/wp\/v2\/pages\/493\/revisions\/496"}],"wp:attachment":[{"href":"https:\/\/tapiman.com\/es\/wp-json\/wp\/v2\/media?parent=493"}],"curies":[{"name":"wp","href":"https:\/\/api.w.org\/{rel}","templated":true}]}}