{"id":555,"date":"2022-03-26T12:03:35","date_gmt":"2022-03-26T10:03:35","guid":{"rendered":"http:\/\/tapiman.com\/descanso\/"},"modified":"2022-03-26T12:04:52","modified_gmt":"2022-03-26T10:04:52","slug":"descanso","status":"publish","type":"page","link":"https:\/\/tapiman.com\/es\/descanso\/","title":{"rendered":"Descanso"},"content":{"rendered":"<p>[vc_row][vc_column][vc_column_text]<\/p>\n<h1>Descanso<\/h1>\n<p>[\/vc_column_text][\/vc_column][\/vc_row][vc_row][vc_column][vc_basic_grid post_type=\u00bbportfolio\u00bb max_items=\u00bb10&#8243; show_filter=\u00bbyes\u00bb grid_id=\u00bbvc_gid:1648288975552-7a289aab-d661-6&#8243; taxonomies=\u00bb40&#8243; filter_source=\u00bbportfolio-types\u00bb][\/vc_column][\/vc_row]<\/p>\n","protected":false},"excerpt":{"rendered":"<p>[vc_row][vc_column][vc_column_text] Descanso [\/vc_column_text][\/vc_column][\/vc_row][vc_row][vc_column][vc_basic_grid post_type=\u00bbportfolio\u00bb max_items=\u00bb10&#8243; show_filter=\u00bbyes\u00bb grid_id=\u00bbvc_gid:1648288975552-7a289aab-d661-6&#8243; taxonomies=\u00bb40&#8243; filter_source=\u00bbportfolio-types\u00bb][\/vc_column][\/vc_row]<\/p>\n","protected":false},"author":1,"featured_media":0,"parent":0,"menu_order":0,"comment_status":"closed","ping_status":"closed","template":"","meta":{"_acf_changed":false,"_monsterinsights_skip_tracking":false,"_monsterinsights_sitenote_active":false,"_monsterinsights_sitenote_note":"","_monsterinsights_sitenote_category":0,"footnotes":""},"class_list":["post-555","page","type-page","status-publish","hentry"],"acf":[],"yoast_head":"<!-- This site is optimized with the Yoast SEO plugin v20.8 - https:\/\/yoast.com\/wordpress\/plugins\/seo\/ -->\n<title>Descanso - Tapiman<\/title>\n<meta name=\"robots\" content=\"index, follow, max-snippet:-1, max-image-preview:large, max-video-preview:-1\" \/>\n<link rel=\"canonical\" href=\"https:\/\/tapiman.com\/es\/descanso\/\" \/>\n<meta property=\"og:locale\" content=\"es_ES\" \/>\n<meta property=\"og:type\" content=\"article\" \/>\n<meta property=\"og:title\" content=\"Descanso - Tapiman\" \/>\n<meta property=\"og:description\" content=\"[vc_row][vc_column][vc_column_text] Descanso [\/vc_column_text][\/vc_column][\/vc_row][vc_row][vc_column][vc_basic_grid post_type=\u00bbportfolio\u00bb max_items=\u00bb10&#8243; show_filter=\u00bbyes\u00bb grid_id=\u00bbvc_gid:1648288975552-7a289aab-d661-6&#8243; taxonomies=\u00bb40&#8243; filter_source=\u00bbportfolio-types\u00bb][\/vc_column][\/vc_row]\" \/>\n<meta property=\"og:url\" content=\"https:\/\/tapiman.com\/es\/descanso\/\" \/>\n<meta property=\"og:site_name\" content=\"Tapiman\" \/>\n<meta property=\"article:modified_time\" content=\"2022-03-26T10:04:52+00:00\" \/>\n<meta name=\"twitter:card\" content=\"summary_large_image\" \/>\n<script type=\"application\/ld+json\" class=\"yoast-schema-graph\">{\"@context\":\"https:\/\/schema.org\",\"@graph\":[{\"@type\":\"WebPage\",\"@id\":\"https:\/\/tapiman.com\/es\/descanso\/\",\"url\":\"https:\/\/tapiman.com\/es\/descanso\/\",\"name\":\"Descanso - Tapiman\",\"isPartOf\":{\"@id\":\"https:\/\/tapiman.com\/#website\"},\"datePublished\":\"2022-03-26T10:03:35+00:00\",\"dateModified\":\"2022-03-26T10:04:52+00:00\",\"breadcrumb\":{\"@id\":\"https:\/\/tapiman.com\/es\/descanso\/#breadcrumb\"},\"inLanguage\":\"es\",\"potentialAction\":[{\"@type\":\"ReadAction\",\"target\":[\"https:\/\/tapiman.com\/es\/descanso\/\"]}]},{\"@type\":\"BreadcrumbList\",\"@id\":\"https:\/\/tapiman.com\/es\/descanso\/#breadcrumb\",\"itemListElement\":[{\"@type\":\"ListItem\",\"position\":1,\"name\":\"Inici\",\"item\":\"https:\/\/tapiman.com\/es\/inicio\/\"},{\"@type\":\"ListItem\",\"position\":2,\"name\":\"Descanso\"}]},{\"@type\":\"WebSite\",\"@id\":\"https:\/\/tapiman.com\/#website\",\"url\":\"https:\/\/tapiman.com\/\",\"name\":\"Tapiman\",\"description\":\"Fabricaci\u00f3 i Restauraci\u00f3 de Tapisseries \u2013 Estem especialitzats en la fabricaci\u00f3 de sof\u00e0s a mida, aix\u00ed com en la restauraci\u00f3 de sof\u00e1s, cadires, butaques i moble entapissat en general\",\"publisher\":{\"@id\":\"https:\/\/tapiman.com\/#organization\"},\"potentialAction\":[{\"@type\":\"SearchAction\",\"target\":{\"@type\":\"EntryPoint\",\"urlTemplate\":\"https:\/\/tapiman.com\/?s={search_term_string}\"},\"query-input\":\"required name=search_term_string\"}],\"inLanguage\":\"es\"},{\"@type\":\"Organization\",\"@id\":\"https:\/\/tapiman.com\/#organization\",\"name\":\"Tapiman\",\"url\":\"https:\/\/tapiman.com\/\",\"logo\":{\"@type\":\"ImageObject\",\"inLanguage\":\"es\",\"@id\":\"https:\/\/tapiman.com\/#\/schema\/logo\/image\/\",\"url\":\"http:\/\/tapiman.com\/wp-content\/uploads\/2022\/03\/logo-sala.png\",\"contentUrl\":\"http:\/\/tapiman.com\/wp-content\/uploads\/2022\/03\/logo-sala.png\",\"width\":220,\"height\":107,\"caption\":\"Tapiman\"},\"image\":{\"@id\":\"https:\/\/tapiman.com\/#\/schema\/logo\/image\/\"}}]}<\/script>\n<!-- \/ Yoast SEO plugin. -->","yoast_head_json":{"title":"Descanso - Tapiman","robots":{"index":"index","follow":"follow","max-snippet":"max-snippet:-1","max-image-preview":"max-image-preview:large","max-video-preview":"max-video-preview:-1"},"canonical":"https:\/\/tapiman.com\/es\/descanso\/","og_locale":"es_ES","og_type":"article","og_title":"Descanso - Tapiman","og_description":"[vc_row][vc_column][vc_column_text] Descanso [\/vc_column_text][\/vc_column][\/vc_row][vc_row][vc_column][vc_basic_grid post_type=\u00bbportfolio\u00bb max_items=\u00bb10&#8243; show_filter=\u00bbyes\u00bb grid_id=\u00bbvc_gid:1648288975552-7a289aab-d661-6&#8243; taxonomies=\u00bb40&#8243; filter_source=\u00bbportfolio-types\u00bb][\/vc_column][\/vc_row]","og_url":"https:\/\/tapiman.com\/es\/descanso\/","og_site_name":"Tapiman","article_modified_time":"2022-03-26T10:04:52+00:00","twitter_card":"summary_large_image","schema":{"@context":"https:\/\/schema.org","@graph":[{"@type":"WebPage","@id":"https:\/\/tapiman.com\/es\/descanso\/","url":"https:\/\/tapiman.com\/es\/descanso\/","name":"Descanso - Tapiman","isPartOf":{"@id":"https:\/\/tapiman.com\/#website"},"datePublished":"2022-03-26T10:03:35+00:00","dateModified":"2022-03-26T10:04:52+00:00","breadcrumb":{"@id":"https:\/\/tapiman.com\/es\/descanso\/#breadcrumb"},"inLanguage":"es","potentialAction":[{"@type":"ReadAction","target":["https:\/\/tapiman.com\/es\/descanso\/"]}]},{"@type":"BreadcrumbList","@id":"https:\/\/tapiman.com\/es\/descanso\/#breadcrumb","itemListElement":[{"@type":"ListItem","position":1,"name":"Inici","item":"https:\/\/tapiman.com\/es\/inicio\/"},{"@type":"ListItem","position":2,"name":"Descanso"}]},{"@type":"WebSite","@id":"https:\/\/tapiman.com\/#website","url":"https:\/\/tapiman.com\/","name":"Tapiman","description":"Fabricaci\u00f3 i Restauraci\u00f3 de Tapisseries \u2013 Estem especialitzats en la fabricaci\u00f3 de sof\u00e0s a mida, aix\u00ed com en la restauraci\u00f3 de sof\u00e1s, cadires, butaques i moble entapissat en general","publisher":{"@id":"https:\/\/tapiman.com\/#organization"},"potentialAction":[{"@type":"SearchAction","target":{"@type":"EntryPoint","urlTemplate":"https:\/\/tapiman.com\/?s={search_term_string}"},"query-input":"required name=search_term_string"}],"inLanguage":"es"},{"@type":"Organization","@id":"https:\/\/tapiman.com\/#organization","name":"Tapiman","url":"https:\/\/tapiman.com\/","logo":{"@type":"ImageObject","inLanguage":"es","@id":"https:\/\/tapiman.com\/#\/schema\/logo\/image\/","url":"http:\/\/tapiman.com\/wp-content\/uploads\/2022\/03\/logo-sala.png","contentUrl":"http:\/\/tapiman.com\/wp-content\/uploads\/2022\/03\/logo-sala.png","width":220,"height":107,"caption":"Tapiman"},"image":{"@id":"https:\/\/tapiman.com\/#\/schema\/logo\/image\/"}}]}},"_links":{"self":[{"href":"https:\/\/tapiman.com\/es\/wp-json\/wp\/v2\/pages\/555","targetHints":{"allow":["GET"]}}],"collection":[{"href":"https:\/\/tapiman.com\/es\/wp-json\/wp\/v2\/pages"}],"about":[{"href":"https:\/\/tapiman.com\/es\/wp-json\/wp\/v2\/types\/page"}],"author":[{"embeddable":true,"href":"https:\/\/tapiman.com\/es\/wp-json\/wp\/v2\/users\/1"}],"replies":[{"embeddable":true,"href":"https:\/\/tapiman.com\/es\/wp-json\/wp\/v2\/comments?post=555"}],"version-history":[{"count":2,"href":"https:\/\/tapiman.com\/es\/wp-json\/wp\/v2\/pages\/555\/revisions"}],"predecessor-version":[{"id":558,"href":"https:\/\/tapiman.com\/es\/wp-json\/wp\/v2\/pages\/555\/revisions\/558"}],"wp:attachment":[{"href":"https:\/\/tapiman.com\/es\/wp-json\/wp\/v2\/media?parent=555"}],"curies":[{"name":"wp","href":"https:\/\/api.w.org\/{rel}","templated":true}]}}